{"id":567,"date":"2022-06-09T12:39:13","date_gmt":"2022-06-09T12:39:13","guid":{"rendered":"https:\/\/www.devello.hr\/home-page\/"},"modified":"2023-01-11T10:45:48","modified_gmt":"2023-01-11T10:45:48","slug":"home-page","status":"publish","type":"page","link":"https:\/\/www.devello.hr\/de\/","title":{"rendered":"Home Page"},"content":{"rendered":"\t\t<div data-elementor-type=\"wp-page\" data-elementor-id=\"567\" class=\"elementor elementor-567 elementor-154\" data-elementor-post-type=\"page\">\n\t\t\t\t\t\t<section class=\"elementor-section elementor-top-section elementor-element elementor-element-65ec62fb elementor-section-full_width elementor-section-height-default elementor-section-height-default\" data-id=\"65ec62fb\" data-element_type=\"section\">\n\t\t\t\t\t\t<div class=\"elementor-container elementor-column-gap-default\">\n\t\t\t\t\t<div class=\"elementor-column elementor-col-100 elementor-top-column elementor-element elementor-element-261b8f17\" data-id=\"261b8f17\" data-element_type=\"column\">\n\t\t\t<div class=\"elementor-widget-wrap elementor-element-populated\">\n\t\t\t\t\t\t<div class=\"elementor-element elementor-element-31fd185f elementor-widget elementor-widget-heading\" data-id=\"31fd185f\" data-element_type=\"widget\" data-widget_type=\"heading.default\">\n\t\t\t\t<div class=\"elementor-widget-container\">\n\t\t\t\t\t<h1 class=\"elementor-heading-title elementor-size-default\"><b> Devello. <\/b> WIR LASSEN IHREN TRAUM ENTSTEHEN.\n<br>WIR GESTALTEN <b>UNSERE EIGENE VISION<\/b>.<\/h1>\t\t\t\t<\/div>\n\t\t\t\t<\/div>\n\t\t\t\t\t<\/div>\n\t\t<\/div>\n\t\t\t\t\t<\/div>\n\t\t<\/section>\n\t\t\t\t<section class=\"elementor-section elementor-top-section elementor-element elementor-element-79a8ffdb elementor-section-full_width elementor-section-height-default elementor-section-height-default\" data-id=\"79a8ffdb\" data-element_type=\"section\">\n\t\t\t\t\t\t<div class=\"elementor-container elementor-column-gap-default\">\n\t\t\t\t\t<div class=\"elementor-column elementor-col-50 elementor-top-column elementor-element elementor-element-d2be058\" data-id=\"d2be058\" data-element_type=\"column\">\n\t\t\t<div class=\"elementor-widget-wrap elementor-element-populated\">\n\t\t\t\t\t\t<div class=\"elementor-element elementor-element-30cc4ceb elementor-widget-divider--view-line elementor-widget elementor-widget-divider\" data-id=\"30cc4ceb\" data-element_type=\"widget\" data-settings=\"{&quot;motion_fx_motion_fx_scrolling&quot;:&quot;yes&quot;,&quot;motion_fx_translateX_effect&quot;:&quot;yes&quot;,&quot;motion_fx_translateX_direction&quot;:&quot;negative&quot;,&quot;motion_fx_translateX_speed&quot;:{&quot;unit&quot;:&quot;px&quot;,&quot;size&quot;:&quot;1.5&quot;,&quot;sizes&quot;:[]},&quot;motion_fx_devices&quot;:[&quot;desktop&quot;],&quot;motion_fx_translateX_affectedRange&quot;:{&quot;unit&quot;:&quot;%&quot;,&quot;size&quot;:&quot;&quot;,&quot;sizes&quot;:{&quot;start&quot;:0,&quot;end&quot;:100}}}\" data-widget_type=\"divider.default\">\n\t\t\t\t<div class=\"elementor-widget-container\">\n\t\t\t\t\t\t\t<div class=\"elementor-divider\">\n\t\t\t<span class=\"elementor-divider-separator\">\n\t\t\t\t\t\t<\/span>\n\t\t<\/div>\n\t\t\t\t\t\t<\/div>\n\t\t\t\t<\/div>\n\t\t\t\t\t<\/div>\n\t\t<\/div>\n\t\t\t\t<div class=\"elementor-column elementor-col-50 elementor-top-column elementor-element elementor-element-4100643c\" data-id=\"4100643c\" data-element_type=\"column\">\n\t\t\t<div class=\"elementor-widget-wrap elementor-element-populated\">\n\t\t\t\t\t\t<div class=\"elementor-element elementor-element-105ed854 elementor-align-right elementor-widget elementor-widget-button\" data-id=\"105ed854\" data-element_type=\"widget\" data-widget_type=\"button.default\">\n\t\t\t\t<div class=\"elementor-widget-container\">\n\t\t\t\t\t\t\t\t\t<div class=\"elementor-button-wrapper\">\n\t\t\t\t\t<a class=\"elementor-button elementor-button-link elementor-size-sm\" href=\"https:\/\/www.devello.hr\/de\/unsere-projekte\/\">\n\t\t\t\t\t\t<span class=\"elementor-button-content-wrapper\">\n\t\t\t\t\t\t\t\t\t<span class=\"elementor-button-text\">UNSERE PROJEKTE<\/span>\n\t\t\t\t\t<\/span>\n\t\t\t\t\t<\/a>\n\t\t\t\t<\/div>\n\t\t\t\t\t\t\t\t<\/div>\n\t\t\t\t<\/div>\n\t\t\t\t\t<\/div>\n\t\t<\/div>\n\t\t\t\t\t<\/div>\n\t\t<\/section>\n\t\t\t\t<section class=\"elementor-section elementor-top-section elementor-element elementor-element-7ca663a9 elementor-section-full_width elementor-section-height-default elementor-section-height-default\" data-id=\"7ca663a9\" data-element_type=\"section\">\n\t\t\t\t\t\t<div class=\"elementor-container elementor-column-gap-default\">\n\t\t\t\t\t<div class=\"elementor-column elementor-col-100 elementor-top-column elementor-element elementor-element-4bb04870\" data-id=\"4bb04870\" data-element_type=\"column\">\n\t\t\t<div class=\"elementor-widget-wrap elementor-element-populated\">\n\t\t\t\t\t\t<div class=\"elementor-element elementor-element-4cfec23d elementor--h-position-right elementor--v-position-bottom elementor-pagination-position-outside elementor-widget elementor-widget-slides\" data-id=\"4cfec23d\" data-element_type=\"widget\" data-settings=\"{&quot;navigation&quot;:&quot;dots&quot;,&quot;transition&quot;:&quot;fade&quot;,&quot;autoplay&quot;:&quot;yes&quot;,&quot;autoplay_speed&quot;:5000,&quot;infinite&quot;:&quot;yes&quot;,&quot;transition_speed&quot;:500}\" data-widget_type=\"slides.default\">\n\t\t\t\t<div class=\"elementor-widget-container\">\n\t\t\t\t\t\t\t\t\t<div class=\"elementor-swiper\">\n\t\t\t\t\t<div class=\"elementor-slides-wrapper elementor-main-swiper swiper\" role=\"region\" aria-roledescription=\"carousel\" aria-label=\"Slider\" dir=\"ltr\" data-animation=\"\">\n\t\t\t\t<div class=\"swiper-wrapper elementor-slides\">\n\t\t\t\t\t\t\t\t\t\t<div class=\"elementor-repeater-item-348228a swiper-slide\" role=\"group\" aria-roledescription=\"slide\"><div class=\"swiper-slide-bg\" role=\"img\"><\/div><a class=\"swiper-slide-inner\" href=\"https:\/\/www.devello.hr\/de\/villa-ljutici\/\"><div class=\"swiper-slide-contents\"><div  class=\"elementor-button elementor-slide-button elementor-size-xl\">VILLA LJUTI\u0106I<\/div><\/div><\/a><\/div><div class=\"elementor-repeater-item-690d651 swiper-slide\" role=\"group\" aria-roledescription=\"slide\"><div class=\"swiper-slide-bg\" role=\"img\"><\/div><a class=\"swiper-slide-inner\" href=\"https:\/\/www.devello.hr\/de\/villa-ljutici\/\"><div class=\"swiper-slide-contents\"><div  class=\"elementor-button elementor-slide-button elementor-size-xl\">VILLA LJUTI\u0106I<\/div><\/div><\/a><\/div><div class=\"elementor-repeater-item-9127c12 swiper-slide\" role=\"group\" aria-roledescription=\"slide\"><div class=\"swiper-slide-bg\" role=\"img\"><\/div><a class=\"swiper-slide-inner\" href=\"https:\/\/www.devello.hr\/de\/wohnanlage-in-vantacici\/\"><div class=\"swiper-slide-contents\"><div  class=\"elementor-button elementor-slide-button elementor-size-xl\">DORF LJUTI\u0106I<\/div><\/div><\/a><\/div><div class=\"elementor-repeater-item-29b47bf swiper-slide\" role=\"group\" aria-roledescription=\"slide\"><div class=\"swiper-slide-bg\" role=\"img\"><\/div><a class=\"swiper-slide-inner\" href=\"https:\/\/www.devello.hr\/de\/wohnanlage-in-vantacici\/\"><div class=\"swiper-slide-contents\"><div  class=\"elementor-button elementor-slide-button elementor-size-xl\">DORF LJUTI\u0106I<\/div><\/div><\/a><\/div>\t\t\t\t<\/div>\n\t\t\t\t\t\t\t\t\t\t\t\t\t\t\t\t\t\t\t\t<div class=\"swiper-pagination\"><\/div>\n\t\t\t\t\t\t\t\t\t\t\t\t<\/div>\n\t\t\t\t<\/div>\n\t\t\t\t\t\t\t\t<\/div>\n\t\t\t\t<\/div>\n\t\t\t\t\t<\/div>\n\t\t<\/div>\n\t\t\t\t\t<\/div>\n\t\t<\/section>\n\t\t\t\t<section class=\"elementor-section elementor-top-section elementor-element elementor-element-5d38de4b elementor-section-full_width elementor-section-height-default elementor-section-height-default\" data-id=\"5d38de4b\" data-element_type=\"section\">\n\t\t\t\t\t\t<div class=\"elementor-container elementor-column-gap-default\">\n\t\t\t\t\t<div class=\"elementor-column elementor-col-100 elementor-top-column elementor-element elementor-element-364be317\" data-id=\"364be317\" data-element_type=\"column\">\n\t\t\t<div class=\"elementor-widget-wrap elementor-element-populated\">\n\t\t\t\t\t\t<div class=\"elementor-element elementor-element-25fe172b elementor-widget-divider--view-line_text elementor-widget-divider--element-align-left elementor-widget elementor-widget-divider\" data-id=\"25fe172b\" data-element_type=\"widget\" data-settings=\"{&quot;motion_fx_motion_fx_scrolling&quot;:&quot;yes&quot;,&quot;motion_fx_translateX_effect&quot;:&quot;yes&quot;,&quot;motion_fx_translateX_speed&quot;:{&quot;unit&quot;:&quot;px&quot;,&quot;size&quot;:&quot;1&quot;,&quot;sizes&quot;:[]},&quot;motion_fx_translateX_affectedRange&quot;:{&quot;unit&quot;:&quot;%&quot;,&quot;size&quot;:&quot;&quot;,&quot;sizes&quot;:{&quot;start&quot;:&quot;0&quot;,&quot;end&quot;:&quot;50&quot;}},&quot;motion_fx_devices&quot;:[&quot;desktop&quot;,&quot;tablet&quot;]}\" data-widget_type=\"divider.default\">\n\t\t\t\t<div class=\"elementor-widget-container\">\n\t\t\t\t\t\t\t<div class=\"elementor-divider\">\n\t\t\t<span class=\"elementor-divider-separator\">\n\t\t\t\t\t\t\t<span class=\"elementor-divider__text elementor-divider__element\">\n\t\t\t\tUnsere <b>Projekte<\/b>\t\t\t\t<\/span>\n\t\t\t\t\t\t<\/span>\n\t\t<\/div>\n\t\t\t\t\t\t<\/div>\n\t\t\t\t<\/div>\n\t\t\t\t\t<\/div>\n\t\t<\/div>\n\t\t\t\t\t<\/div>\n\t\t<\/section>\n\t\t\t\t<section class=\"elementor-section elementor-top-section elementor-element elementor-element-13b025fe elementor-section-full_width elementor-section-height-default elementor-section-height-default\" data-id=\"13b025fe\" data-element_type=\"section\">\n\t\t\t\t\t\t<div class=\"elementor-container elementor-column-gap-default\">\n\t\t\t\t\t<div class=\"elementor-column elementor-col-100 elementor-top-column elementor-element elementor-element-59bd75c9\" data-id=\"59bd75c9\" data-element_type=\"column\">\n\t\t\t<div class=\"elementor-widget-wrap elementor-element-populated\">\n\t\t\t\t\t\t<div class=\"elementor-element elementor-element-7c05c8c4 elementor-grid-2 elementor-grid-tablet-2 elementor-grid-mobile-1 elementor-posts--thumbnail-top elementor-widget elementor-widget-posts\" data-id=\"7c05c8c4\" data-element_type=\"widget\" data-settings=\"{&quot;classic_columns&quot;:&quot;2&quot;,&quot;classic_row_gap&quot;:{&quot;unit&quot;:&quot;px&quot;,&quot;size&quot;:&quot;50&quot;,&quot;sizes&quot;:[]},&quot;classic_columns_tablet&quot;:&quot;2&quot;,&quot;classic_columns_mobile&quot;:&quot;1&quot;,&quot;classic_row_gap_tablet&quot;:{&quot;unit&quot;:&quot;px&quot;,&quot;size&quot;:&quot;&quot;,&quot;sizes&quot;:[]},&quot;classic_row_gap_mobile&quot;:{&quot;unit&quot;:&quot;px&quot;,&quot;size&quot;:&quot;&quot;,&quot;sizes&quot;:[]}}\" data-widget_type=\"posts.classic\">\n\t\t\t\t<div class=\"elementor-widget-container\">\n\t\t\t\t\t\t\t<div class=\"elementor-posts-container elementor-posts elementor-posts--skin-classic elementor-grid\">\n\t\t\t\t<article class=\"elementor-post elementor-grid-item post-586 post type-post status-publish format-standard has-post-thumbnail hentry category-projekt\">\n\t\t\t\t<a class=\"elementor-post__thumbnail__link\" href=\"https:\/\/www.devello.hr\/de\/wohnanlage-in-vantacici\/\" tabindex=\"-1\" >\n\t\t\t<div class=\"elementor-post__thumbnail\"><img fetchpriority=\"high\" decoding=\"async\" width=\"1200\" height=\"675\" src=\"https:\/\/www.devello.hr\/wp-content\/uploads\/2022\/12\/Vantacici-Housing-devello-1.webp\" class=\"attachment-full size-full wp-image-427\" alt=\"Vanta\u010di\u0107i housing featured image\" srcset=\"https:\/\/www.devello.hr\/wp-content\/uploads\/2022\/12\/Vantacici-Housing-devello-1.webp 1200w, https:\/\/www.devello.hr\/wp-content\/uploads\/2022\/12\/Vantacici-Housing-devello-1-300x169.webp 300w, https:\/\/www.devello.hr\/wp-content\/uploads\/2022\/12\/Vantacici-Housing-devello-1-1024x576.webp 1024w, https:\/\/www.devello.hr\/wp-content\/uploads\/2022\/12\/Vantacici-Housing-devello-1-768x432.webp 768w\" sizes=\"(max-width: 1200px) 100vw, 1200px\" \/><\/div>\n\t\t<\/a>\n\t\t\t\t<div class=\"elementor-post__text\">\n\t\t\t\t<h3 class=\"elementor-post__title\">\n\t\t\t<a href=\"https:\/\/www.devello.hr\/de\/wohnanlage-in-vantacici\/\" >\n\t\t\t\tWohnanlage in Vanta\u010di\u0107i\t\t\t<\/a>\n\t\t<\/h3>\n\t\t\n\t\t<a class=\"elementor-post__read-more\" href=\"https:\/\/www.devello.hr\/de\/wohnanlage-in-vantacici\/\" aria-label=\"Mehr \u00fcber Wohnanlage in Vanta\u010di\u0107i\" tabindex=\"-1\" >\n\t\t\tWeiterlesen \u00bb\t\t<\/a>\n\n\t\t\t\t<\/div>\n\t\t\t\t<\/article>\n\t\t\t\t<article class=\"elementor-post elementor-grid-item post-590 post type-post status-publish format-standard has-post-thumbnail hentry category-projekt\">\n\t\t\t\t<a class=\"elementor-post__thumbnail__link\" href=\"https:\/\/www.devello.hr\/de\/villa-ljutici\/\" tabindex=\"-1\" >\n\t\t\t<div class=\"elementor-post__thumbnail\"><img decoding=\"async\" width=\"1200\" height=\"678\" src=\"https:\/\/www.devello.hr\/wp-content\/uploads\/2022\/06\/ljutici-villa-devello-1.webp\" class=\"attachment-full size-full wp-image-476\" alt=\"Ljuti\u0107i Villa\" srcset=\"https:\/\/www.devello.hr\/wp-content\/uploads\/2022\/06\/ljutici-villa-devello-1.webp 1200w, https:\/\/www.devello.hr\/wp-content\/uploads\/2022\/06\/ljutici-villa-devello-1-300x170.webp 300w, https:\/\/www.devello.hr\/wp-content\/uploads\/2022\/06\/ljutici-villa-devello-1-1024x579.webp 1024w, https:\/\/www.devello.hr\/wp-content\/uploads\/2022\/06\/ljutici-villa-devello-1-768x434.webp 768w\" sizes=\"(max-width: 1200px) 100vw, 1200px\" \/><\/div>\n\t\t<\/a>\n\t\t\t\t<div class=\"elementor-post__text\">\n\t\t\t\t<h3 class=\"elementor-post__title\">\n\t\t\t<a href=\"https:\/\/www.devello.hr\/de\/villa-ljutici\/\" >\n\t\t\t\tVilla Ljuti\u0107i\t\t\t<\/a>\n\t\t<\/h3>\n\t\t\n\t\t<a class=\"elementor-post__read-more\" href=\"https:\/\/www.devello.hr\/de\/villa-ljutici\/\" aria-label=\"Mehr \u00fcber Villa Ljuti\u0107i\" tabindex=\"-1\" >\n\t\t\tWeiterlesen \u00bb\t\t<\/a>\n\n\t\t\t\t<\/div>\n\t\t\t\t<\/article>\n\t\t\t\t<\/div>\n\t\t\n\t\t\t\t\t\t<\/div>\n\t\t\t\t<\/div>\n\t\t\t\t\t<\/div>\n\t\t<\/div>\n\t\t\t\t\t<\/div>\n\t\t<\/section>\n\t\t\t\t<\/div>\n\t\t","protected":false},"excerpt":{"rendered":"<p>Devello. WIR LASSEN IHREN TRAUM ENTSTEHEN. WIR GESTALTEN UNSERE EIGENE VISION. UNSERE PROJEKTE VILLA LJUTI\u0106IVILLA LJUTI\u0106IDORF LJUTI\u0106IDORF LJUTI\u0106I Unsere Projekte<\/p>\n","protected":false},"author":1,"featured_media":438,"parent":0,"menu_order":0,"comment_status":"closed","ping_status":"closed","template":"","meta":{"footnotes":""},"class_list":["post-567","page","type-page","status-publish","has-post-thumbnail","hentry"],"yoast_head":"<!-- This site is optimized with the Yoast SEO plugin v24.3 - https:\/\/yoast.com\/wordpress\/plugins\/seo\/ -->\n<title>Devello - Housing-Projekten<\/title>\n<meta name=\"description\" content=\"Offizielle Seite von Devello Housing-Projekten. Wir entwerfen Ihren Traum und kreieren Ihre Vision. Sehen Sie sich unsere Projekte an.\" \/>\n<meta name=\"robots\" content=\"index, follow, max-snippet:-1, max-image-preview:large, max-video-preview:-1\" \/>\n<link rel=\"canonical\" href=\"https:\/\/www.devello.hr\/de\/\" \/>\n<meta property=\"og:locale\" content=\"de_DE\" \/>\n<meta property=\"og:type\" content=\"article\" \/>\n<meta property=\"og:title\" content=\"Devello - Housing-Projekten\" \/>\n<meta property=\"og:description\" content=\"Offizielle Seite von Devello Housing-Projekten. Wir entwerfen Ihren Traum und kreieren Ihre Vision. Sehen Sie sich unsere Projekte an.\" \/>\n<meta property=\"og:url\" content=\"https:\/\/www.devello.hr\/de\/\" \/>\n<meta property=\"og:site_name\" content=\"Devello\" \/>\n<meta property=\"article:modified_time\" content=\"2023-01-11T10:45:48+00:00\" \/>\n<meta property=\"og:image\" content=\"https:\/\/www.devello.hr\/wp-content\/uploads\/2022\/12\/Building-A-vantacici-housing-outside-1.webp\" \/>\n\t<meta property=\"og:image:width\" content=\"1200\" \/>\n\t<meta property=\"og:image:height\" content=\"881\" \/>\n\t<meta property=\"og:image:type\" content=\"image\/webp\" \/>\n<meta name=\"twitter:card\" content=\"summary_large_image\" \/>\n<script type=\"application\/ld+json\" class=\"yoast-schema-graph\">{\"@context\":\"https:\/\/schema.org\",\"@graph\":[{\"@type\":\"WebPage\",\"@id\":\"https:\/\/www.devello.hr\/de\/\",\"url\":\"https:\/\/www.devello.hr\/de\/\",\"name\":\"Devello - Housing-Projekten\",\"isPartOf\":{\"@id\":\"https:\/\/www.devello.hr\/de\/#website\"},\"primaryImageOfPage\":{\"@id\":\"https:\/\/www.devello.hr\/de\/#primaryimage\"},\"image\":{\"@id\":\"https:\/\/www.devello.hr\/de\/#primaryimage\"},\"thumbnailUrl\":\"https:\/\/www.devello.hr\/wp-content\/uploads\/2022\/12\/Building-A-vantacici-housing-outside-1.webp\",\"datePublished\":\"2022-06-09T12:39:13+00:00\",\"dateModified\":\"2023-01-11T10:45:48+00:00\",\"description\":\"Offizielle Seite von Devello Housing-Projekten. Wir entwerfen Ihren Traum und kreieren Ihre Vision. Sehen Sie sich unsere Projekte an.\",\"breadcrumb\":{\"@id\":\"https:\/\/www.devello.hr\/de\/#breadcrumb\"},\"inLanguage\":\"de\",\"potentialAction\":[{\"@type\":\"ReadAction\",\"target\":[\"https:\/\/www.devello.hr\/de\/\"]}]},{\"@type\":\"ImageObject\",\"inLanguage\":\"de\",\"@id\":\"https:\/\/www.devello.hr\/de\/#primaryimage\",\"url\":\"https:\/\/www.devello.hr\/wp-content\/uploads\/2022\/12\/Building-A-vantacici-housing-outside-1.webp\",\"contentUrl\":\"https:\/\/www.devello.hr\/wp-content\/uploads\/2022\/12\/Building-A-vantacici-housing-outside-1.webp\",\"width\":1200,\"height\":881,\"caption\":\"Vanta\u010di\u0107i Housing\"},{\"@type\":\"BreadcrumbList\",\"@id\":\"https:\/\/www.devello.hr\/de\/#breadcrumb\",\"itemListElement\":[{\"@type\":\"ListItem\",\"position\":1,\"name\":\"Home\",\"item\":\"https:\/\/www.devello.hr\/de\/home-page\/\"},{\"@type\":\"ListItem\",\"position\":2,\"name\":\"Home Page\"}]},{\"@type\":\"WebSite\",\"@id\":\"https:\/\/www.devello.hr\/de\/#website\",\"url\":\"https:\/\/www.devello.hr\/de\/\",\"name\":\"Devello\",\"description\":\"Devello - gradbeno podjetje\",\"publisher\":{\"@id\":\"https:\/\/www.devello.hr\/de\/#organization\"},\"potentialAction\":[{\"@type\":\"SearchAction\",\"target\":{\"@type\":\"EntryPoint\",\"urlTemplate\":\"https:\/\/www.devello.hr\/de\/?s={search_term_string}\"},\"query-input\":{\"@type\":\"PropertyValueSpecification\",\"valueRequired\":true,\"valueName\":\"search_term_string\"}}],\"inLanguage\":\"de\"},{\"@type\":\"Organization\",\"@id\":\"https:\/\/www.devello.hr\/de\/#organization\",\"name\":\"Devello\",\"url\":\"https:\/\/www.devello.hr\/de\/\",\"logo\":{\"@type\":\"ImageObject\",\"inLanguage\":\"de\",\"@id\":\"https:\/\/www.devello.hr\/de\/#\/schema\/logo\/image\/\",\"url\":\"https:\/\/www.devello.hr\/wp-content\/uploads\/2022\/06\/devello-logo.jpeg\",\"contentUrl\":\"https:\/\/www.devello.hr\/wp-content\/uploads\/2022\/06\/devello-logo.jpeg\",\"width\":1280,\"height\":291,\"caption\":\"Devello\"},\"image\":{\"@id\":\"https:\/\/www.devello.hr\/de\/#\/schema\/logo\/image\/\"}}]}<\/script>\n<!-- \/ Yoast SEO plugin. -->","yoast_head_json":{"title":"Devello - Housing-Projekten","description":"Offizielle Seite von Devello Housing-Projekten. Wir entwerfen Ihren Traum und kreieren Ihre Vision. Sehen Sie sich unsere Projekte an.","robots":{"index":"index","follow":"follow","max-snippet":"max-snippet:-1","max-image-preview":"max-image-preview:large","max-video-preview":"max-video-preview:-1"},"canonical":"https:\/\/www.devello.hr\/de\/","og_locale":"de_DE","og_type":"article","og_title":"Devello - Housing-Projekten","og_description":"Offizielle Seite von Devello Housing-Projekten. Wir entwerfen Ihren Traum und kreieren Ihre Vision. Sehen Sie sich unsere Projekte an.","og_url":"https:\/\/www.devello.hr\/de\/","og_site_name":"Devello","article_modified_time":"2023-01-11T10:45:48+00:00","og_image":[{"width":1200,"height":881,"url":"https:\/\/www.devello.hr\/wp-content\/uploads\/2022\/12\/Building-A-vantacici-housing-outside-1.webp","type":"image\/webp"}],"twitter_card":"summary_large_image","schema":{"@context":"https:\/\/schema.org","@graph":[{"@type":"WebPage","@id":"https:\/\/www.devello.hr\/de\/","url":"https:\/\/www.devello.hr\/de\/","name":"Devello - Housing-Projekten","isPartOf":{"@id":"https:\/\/www.devello.hr\/de\/#website"},"primaryImageOfPage":{"@id":"https:\/\/www.devello.hr\/de\/#primaryimage"},"image":{"@id":"https:\/\/www.devello.hr\/de\/#primaryimage"},"thumbnailUrl":"https:\/\/www.devello.hr\/wp-content\/uploads\/2022\/12\/Building-A-vantacici-housing-outside-1.webp","datePublished":"2022-06-09T12:39:13+00:00","dateModified":"2023-01-11T10:45:48+00:00","description":"Offizielle Seite von Devello Housing-Projekten. Wir entwerfen Ihren Traum und kreieren Ihre Vision. Sehen Sie sich unsere Projekte an.","breadcrumb":{"@id":"https:\/\/www.devello.hr\/de\/#breadcrumb"},"inLanguage":"de","potentialAction":[{"@type":"ReadAction","target":["https:\/\/www.devello.hr\/de\/"]}]},{"@type":"ImageObject","inLanguage":"de","@id":"https:\/\/www.devello.hr\/de\/#primaryimage","url":"https:\/\/www.devello.hr\/wp-content\/uploads\/2022\/12\/Building-A-vantacici-housing-outside-1.webp","contentUrl":"https:\/\/www.devello.hr\/wp-content\/uploads\/2022\/12\/Building-A-vantacici-housing-outside-1.webp","width":1200,"height":881,"caption":"Vanta\u010di\u0107i Housing"},{"@type":"BreadcrumbList","@id":"https:\/\/www.devello.hr\/de\/#breadcrumb","itemListElement":[{"@type":"ListItem","position":1,"name":"Home","item":"https:\/\/www.devello.hr\/de\/home-page\/"},{"@type":"ListItem","position":2,"name":"Home Page"}]},{"@type":"WebSite","@id":"https:\/\/www.devello.hr\/de\/#website","url":"https:\/\/www.devello.hr\/de\/","name":"Devello","description":"Devello - gradbeno podjetje","publisher":{"@id":"https:\/\/www.devello.hr\/de\/#organization"},"potentialAction":[{"@type":"SearchAction","target":{"@type":"EntryPoint","urlTemplate":"https:\/\/www.devello.hr\/de\/?s={search_term_string}"},"query-input":{"@type":"PropertyValueSpecification","valueRequired":true,"valueName":"search_term_string"}}],"inLanguage":"de"},{"@type":"Organization","@id":"https:\/\/www.devello.hr\/de\/#organization","name":"Devello","url":"https:\/\/www.devello.hr\/de\/","logo":{"@type":"ImageObject","inLanguage":"de","@id":"https:\/\/www.devello.hr\/de\/#\/schema\/logo\/image\/","url":"https:\/\/www.devello.hr\/wp-content\/uploads\/2022\/06\/devello-logo.jpeg","contentUrl":"https:\/\/www.devello.hr\/wp-content\/uploads\/2022\/06\/devello-logo.jpeg","width":1280,"height":291,"caption":"Devello"},"image":{"@id":"https:\/\/www.devello.hr\/de\/#\/schema\/logo\/image\/"}}]}},"_links":{"self":[{"href":"https:\/\/www.devello.hr\/de\/wp-json\/wp\/v2\/pages\/567","targetHints":{"allow":["GET"]}}],"collection":[{"href":"https:\/\/www.devello.hr\/de\/wp-json\/wp\/v2\/pages"}],"about":[{"href":"https:\/\/www.devello.hr\/de\/wp-json\/wp\/v2\/types\/page"}],"author":[{"embeddable":true,"href":"https:\/\/www.devello.hr\/de\/wp-json\/wp\/v2\/users\/1"}],"replies":[{"embeddable":true,"href":"https:\/\/www.devello.hr\/de\/wp-json\/wp\/v2\/comments?post=567"}],"version-history":[{"count":0,"href":"https:\/\/www.devello.hr\/de\/wp-json\/wp\/v2\/pages\/567\/revisions"}],"wp:featuredmedia":[{"embeddable":true,"href":"https:\/\/www.devello.hr\/de\/wp-json\/wp\/v2\/media\/438"}],"wp:attachment":[{"href":"https:\/\/www.devello.hr\/de\/wp-json\/wp\/v2\/media?parent=567"}],"curies":[{"name":"wp","href":"https:\/\/api.w.org\/{rel}","templated":true}]}}